{"id":494,"date":"2026-03-19T18:42:17","date_gmt":"2026-03-19T21:42:17","guid":{"rendered":"https:\/\/leaf-si.com\/?page_id=494"},"modified":"2026-03-23T20:44:31","modified_gmt":"2026-03-23T23:44:31","slug":"contact-demo","status":"publish","type":"page","link":"https:\/\/leaf-si.com\/en\/contacto-demo\/","title":{"rendered":"Contacto \/ Demo"},"content":{"rendered":"<div id=\"fws_69ea43bbe0f57\"  data-column-margin=\"50px\" data-midnight=\"dark\"  class=\"wpb_row vc_row-fluid vc_row vc_row-o-equal-height vc_row-flex vc_row-o-content-top  top_padding_tablet_25px bottom_padding_tablet_50px\"  style=\"padding-top: 50px; padding-bottom: 75px; \"><div class=\"row-bg-wrap\" data-bg-animation=\"none\" data-bg-animation-delay=\"\" data-bg-overlay=\"false\"><div class=\"inner-wrap row-bg-layer\" ><div class=\"row-bg viewport-desktop\"  style=\"\"><\/div><\/div><\/div><div class=\"row_col_wrap_12 col span_12 dark left\">\n\t<div  class=\"vc_col-sm-6 wpb_column column_container vc_column_container col no-extra-padding bottom_margin_tablet_100px inherit_tablet inherit_phone\"  data-padding-pos=\"all\" data-has-bg-color=\"false\" data-bg-color=\"\" data-bg-opacity=\"1\" data-animation=\"\" data-delay=\"0\" >\n\t\t<div class=\"vc_column-inner\" >\n\t\t\t<div class=\"wpb_wrapper\">\n\t\t\t\t\n<div class=\"wpb_text_column wpb_content_element\" >\n\t<h1><span style=\"color: #064952;\">Manage your footprint with reliable data<\/span><\/h1>\n<h5 class=\"translation-block\">In this demo, you\u2019ll see how to centralize scattered data, upload information, analyze results, and generate auditable reports, <span style=\"font-weight: 500\">all in under 10 minutes.<\/span><\/h5>\n<\/div>\n\n\n\n\n<div class=\"wpb_text_column wpb_content_element  vc_custom_1773957629966\" >\n\t<h5><strong>Companies that trust LEAF:<\/strong><\/h5>\n<\/div>\n\n\n\n<div class=\"divider-wrap\" data-alignment=\"default\"><div style=\"height: 30px;\" class=\"divider\"><\/div><\/div>\n\t<div class=\"wpb_gallery wpb_content_element clearfix\">\n\t\t<div class=\"wpb_wrapper\"><div class=\"wpb_gallery_slidesflickity_static_height_style\" data-onclick=\"link_no\" data-interval=\"5\"><style>.wpb_gallery_slidesflickity_static_height_style .nectar-flickity.instace-69ea43bbe1259:not(.masonry) .flickity-slider .cell img {\n      height: 3vw;\n    }\n    @media only screen and (max-width: 1300px) {\n      .wpb_gallery_slidesflickity_static_height_style .nectar-flickity.instace-69ea43bbe1259:not(.masonry) .flickity-slider .cell img {\n        height: 35px;\n      }\n    }\n    @media only screen and (max-width: 1000px) {\n      .wpb_gallery_slidesflickity_static_height_style .nectar-flickity.instace-69ea43bbe1259:not(.masonry) .flickity-slider .cell img {\n        height: 35px;\n      }\n    }\n    @media only screen and (max-width: 690px) {\n      .wpb_gallery_slidesflickity_static_height_style .nectar-flickity.instace-69ea43bbe1259:not(.masonry) .flickity-slider .cell img {\n        height: 35px;\n      }\n    }<\/style><div class=\"nectar-flickity not-initialized instace-69ea43bbe1259 ticker-rotate\" data-ticker-speed=\"slow\" data-pause-on-hover=\"\" data-mask-edges=\"true\"  data-touch-icon-color=\"default\" data-drag-scale=\"\" data-overflow=\"visible\" data-wrap=\"wrap\" data-spacing=\"40px\" data-shadow=\"none\" data-autoplay=\"true\" data-autoplay-dur=\"\" data-free-scroll=\"\" data-controls=\"none\"><div class=\"flickity-viewport\"> <div class=\"flickity-slider\"><div class=\"cell\" data-lazy=\"false\"><img loading=\"lazy\" decoding=\"async\" width=\"171\" height=\"47\" src=\"https:\/\/leaf-si.com\/wp-content\/uploads\/2026\/03\/LEAF_beta.png\" class=\"skip-lazy nectar-lazy attachment-large\" alt=\"LEAF x Beta\" title=\"LEAF x Beta\" \/><\/div><div class=\"cell\" data-lazy=\"false\"><img loading=\"lazy\" decoding=\"async\" width=\"171\" height=\"47\" src=\"https:\/\/leaf-si.com\/wp-content\/uploads\/2026\/03\/LEAF_aluar.png\" class=\"skip-lazy nectar-lazy attachment-large\" alt=\"LEAF x Aluar\" title=\"LEAF x Aluar\" \/><\/div><div class=\"cell\" data-lazy=\"false\"><img loading=\"lazy\" decoding=\"async\" width=\"171\" height=\"47\" src=\"https:\/\/leaf-si.com\/wp-content\/uploads\/2026\/03\/LEAF_vista-caballo.png\" class=\"skip-lazy nectar-lazy attachment-large\" alt=\"LEAF x Vista Caballo\" title=\"LEAF x Vista Caballo\" \/><\/div><div class=\"cell\" data-lazy=\"false\"><img loading=\"lazy\" decoding=\"async\" width=\"171\" height=\"47\" src=\"https:\/\/leaf-si.com\/wp-content\/uploads\/2026\/03\/LEAF_copparoni.png\" class=\"skip-lazy nectar-lazy attachment-large\" alt=\"LEAF x Copparoni\" title=\"LEAF x Copparoni\" \/><\/div><div class=\"cell\" data-lazy=\"false\"><img loading=\"lazy\" decoding=\"async\" width=\"171\" height=\"47\" src=\"https:\/\/leaf-si.com\/wp-content\/uploads\/2026\/03\/LEAF_camuzzi.png\" class=\"skip-lazy nectar-lazy attachment-large\" alt=\"LEAF x Camuzzi\" title=\"LEAF x Camuzzi\" \/><\/div><div class=\"cell\" data-lazy=\"false\"><img loading=\"lazy\" decoding=\"async\" width=\"171\" height=\"47\" src=\"https:\/\/leaf-si.com\/wp-content\/uploads\/2026\/03\/LEAF_cialta.png\" class=\"skip-lazy nectar-lazy attachment-large\" alt=\"LEAF x Cialta\" title=\"LEAF x Cialta\" \/><\/div><div class=\"cell\" data-lazy=\"false\"><img loading=\"lazy\" decoding=\"async\" width=\"171\" height=\"47\" src=\"https:\/\/leaf-si.com\/wp-content\/uploads\/2026\/03\/LEAF_edenor.png\" class=\"skip-lazy nectar-lazy attachment-large\" alt=\"LEAF x Edenor\" title=\"LEAF x Edenor\" \/><\/div><div class=\"cell\" data-lazy=\"false\"><img loading=\"lazy\" decoding=\"async\" width=\"171\" height=\"47\" src=\"https:\/\/leaf-si.com\/wp-content\/uploads\/2026\/03\/LEAF_global-logic.png\" class=\"skip-lazy nectar-lazy attachment-large\" alt=\"LEAF x GlobalLogic\" title=\"LEAF x GlobalLogic\" \/><\/div><div class=\"cell\" data-lazy=\"false\"><img loading=\"lazy\" decoding=\"async\" width=\"171\" height=\"47\" src=\"https:\/\/leaf-si.com\/wp-content\/uploads\/2026\/03\/LEAF_generadora-metropolitana.png\" class=\"skip-lazy nectar-lazy attachment-large\" alt=\"LEAF x Metropolitan Generator\" title=\"LEAF x Metropolitan Generator\" \/><\/div><div class=\"cell\" data-lazy=\"false\"><img loading=\"lazy\" decoding=\"async\" width=\"171\" height=\"47\" src=\"https:\/\/leaf-si.com\/wp-content\/uploads\/2026\/03\/LEAF_exar.png\" class=\"skip-lazy nectar-lazy attachment-large\" alt=\"LEAF x Exar\" title=\"LEAF x Exar\" \/><\/div><div class=\"cell\" data-lazy=\"false\"><img loading=\"lazy\" decoding=\"async\" width=\"171\" height=\"47\" src=\"https:\/\/leaf-si.com\/wp-content\/uploads\/2026\/03\/LEAF_trivium.png\" class=\"skip-lazy nectar-lazy attachment-large\" alt=\"LEAF x Trivium\" title=\"LEAF x Trivium\" \/><\/div><div class=\"cell\" data-lazy=\"false\"><img loading=\"lazy\" decoding=\"async\" width=\"171\" height=\"47\" src=\"https:\/\/leaf-si.com\/wp-content\/uploads\/2026\/03\/LEAF_grupo-sancristobal.png\" class=\"skip-lazy nectar-lazy attachment-large\" alt=\"LEAF x San Crist\u00f3bal Group\" title=\"LEAF x San Crist\u00f3bal Group\" \/><\/div><\/div><\/div><\/div><\/div>\n\t\t<\/div> \n\t<\/div> <div class=\"divider-wrap\" data-alignment=\"default\"><div style=\"height: 50px;\" class=\"divider\"><\/div><\/div><div class=\"testimonial_slider span_12 col font_size_desktop_17px font_size_tablet_16px font_line_height_1-5\" data-color=\"\" data-rating-color=\"accent-color\" data-controls=\"default\" data-add-border=\"\" data-autorotate=\"\" data-style=\"default\" ><div class=\"slides\"><blockquote> <div data-shadow=\"\" class=\"image-icon has-bg\" style=\"background-image: url(https:\/\/leaf-si.com\/wp-content\/uploads\/2026\/03\/LEAF_arrebeef.png);\">&#8220;<\/div> <p>\"With LEAF, we were able to measure and verify our carbon footprint under ISO 14064, with traceability, technical rigor, and independent validation.\" <span role=\"none\" class=\"bottom-arrow\"><\/span><\/p><span class=\"testimonial-name\">Arrebeef<\/span><span class=\"title\">Leaders in meat production and commercialization<\/span><\/blockquote><blockquote> <div data-shadow=\"\" class=\"image-icon has-bg\" style=\"background-image: url(https:\/\/leaf-si.com\/wp-content\/uploads\/2026\/03\/LEAF_gruposancristobal.png);\">&#8220;<\/div> <p class=\"translation-block\">\u201cWith LEAF, we <span style=\"color: #0fabbf\">transformed our carbon footprint measurement<\/span> into a dynamic, transparent, and real-time process.\u201d<\/p><span class=\"testimonial-name\">Grupo San Crist\u00f3bal<\/span><span class=\"title\">Insurance and financial services group<\/span><\/blockquote><blockquote> <div data-shadow=\"\" class=\"image-icon has-bg\" style=\"background-image: url(https:\/\/leaf-si.com\/wp-content\/uploads\/2026\/03\/LEAF_vistacaballo.png);\">&#8220;<\/div> <p class=\"translation-block\">\u201cLEAF provides us with a powerful <span style=\"color: #0fabbf\">SaaS solution to manage our climate strategy<\/span>, reduce our emissions, keep them under control, and offset what we generate.\u201d<\/p><span class=\"testimonial-name\">Vista Caballo<\/span><span class=\"title\">Personal transformation and leadership experiences<\/span><\/blockquote><blockquote> <div data-shadow=\"\" class=\"image-icon has-bg\" style=\"background-image: url(https:\/\/leaf-si.com\/wp-content\/uploads\/2026\/03\/LEAF_globallogic.png);\">&#8220;<\/div> <p class=\"translation-block\">\u201cWith LEAF, we were able to measure our carbon footprint quickly and in real time, <span style=\"color: #0fabbf\">with full traceability, operational efficiency, and immediate results<\/span>.\u201d<\/p><span class=\"testimonial-name\">GlobalLogic<\/span><span class=\"title\">Digital engineering for enterprises<\/span><\/blockquote><\/div><\/div>\n\t\t\t<\/div> \n\t\t<\/div>\n\t<\/div> \n\n\t<div style=\" color: #F3FBFF;\" class=\"vc_col-sm-6 wpb_column column_container vc_column_container col left_padding_desktop_8pct top_padding_desktop_8pct right_padding_desktop_8pct bottom_padding_desktop_8pct\" data-cfc=\"true\" data-using-bg=\"true\" data-border-radius=\"20px\" data-shadow=\"small_depth\" data-padding-pos=\"all\" data-has-bg-color=\"true\" data-bg-color=\"#0B7A88\" data-bg-opacity=\"1\" data-animation=\"\" data-delay=\"0\" >\n\t\t<div class=\"vc_column-inner\" ><div class=\"column-bg-overlay-wrap column-bg-layer\" data-bg-animation=\"none\"><div class=\"column-bg-overlay\" style=\"opacity: 1; background-color: #0B7A88;\"><\/div><\/div>\n\t\t\t<div class=\"wpb_wrapper\">\n\t\t\t\t\n<div class=\"wpb_text_column wpb_content_element\" style=\" max-width: 400px; display: inline-block;\">\n\t<h3>Request your demo now!<\/h3>\n<h6>No friction. No internal changes. Results from day one.<\/h6>\n<\/div>\n\n\n\n\n<div class=\"wpb_text_column wpb_content_element\" >\n\t\t\t\t<link rel=\"stylesheet\" property=\"stylesheet\" href=\"https:\/\/leaf-si.com\/wp-content\/plugins\/happyforms\/bundles\/css\/frontend.css\" \/>\n\t\t\t\t<!-- HappyForms CSS variables -->\n\t<style>\n\t#happyforms-536 {\n\t\t--happyforms-part-title-font-size: 16px;\n--happyforms-part-description-font-size: 12px;\n--happyforms-part-value-font-size: 16px;\n--happyforms-submit-button-font-size: 16px;\n--happyforms-color-primary: #042332;\n--happyforms-color-success-notice: #0fabbf;\n--happyforms-color-success-notice-text: #ffffff;\n--happyforms-color-error: #ff4365;\n--happyforms-color-error-notice: #ffc0cc;\n--happyforms-color-error-notice-text: #ff4365;\n--happyforms-color-part-title: #f3fbff;\n--happyforms-color-part-value: #042332;\n--happyforms-color-part-placeholder: #0b7a88;\n--happyforms-color-part-description: #0b7a88;\n--happyforms-color-part-border: #0d93a4;\n--happyforms-color-part-border-focus: #0fabbf;\n--happyforms-color-part-background: #f3fbff;\n--happyforms-color-part-background-focus: #ffffff;\n--happyforms-color-submit-background: #f3fbff;\n--happyforms-color-submit-background-hover: #0fabbf;\n--happyforms-color-submit-border: ;\n--happyforms-color-submit-text: #042332;\n--happyforms-color-submit-text-hover: #ffffff;\n--happyforms-color-table-row-odd: #fcfcfc;\n--happyforms-color-table-row-even: #efefef;\n--happyforms-color-table-row-odd-text: #000000;\n--happyforms-color-table-row-even-text: #000000;\n--happyforms-color-dropdown-item-bg: #ffffff;\n--happyforms-color-dropdown-item-text: #000000;\n--happyforms-color-dropdown-item-bg-hover: #f4f4f5;\n--happyforms-color-dropdown-item-text-hover: #000000;\n--happyforms-color-divider-hr: #cccccc;\n--happyforms-color-choice-checkmark-bg: #ffffff;\n--happyforms-color-choice-checkmark-bg-focus: #000000;\n--happyforms-color-choice-checkmark-color: #ffffff;\n\t}\n\t<\/style>\n\t<!-- End of HappyForms CSS variables -->\n\t\t<!-- HappyForms Additional CSS -->\n\t<style data-happyforms-additional-css>\n\t\t<\/style>\n\t<!-- End of HappyForms Additional CSS -->\n\t\t\t<link rel=\"stylesheet\" type=\"text\/css\" href=\"https:\/\/leaf-si.com\/wp-content\/plugins\/happyforms\/core\/assets\/css\/no-interaction.css\">\n\t\t<div class=\"happyforms-form happyforms-styles happyforms-form--submit-button-border-hide happyforms-form--submit-button-border-radius-pill happyforms-form--submit-button-fullwidth happyforms-form--submit-button-bold happyforms-form--submit-button-align-center\" id=\"happyforms-536\">\n\t\t\n\t<form action=\"\" id=\"happyforms-form-536\" method=\"post\" novalidate=\"true\" autocomplete=\"off\" data-trp-original-action=\"\">\n\t\t\t\t<input type=\"hidden\" name=\"happyforms_random_seed\" value=\"339897766\" \/>\n\t\t\n\t\t\t<input type=\"hidden\" name=\"action\" value=\"happyforms_message\">\n\t\t\t\t<input type=\"hidden\" name=\"client_referer\" value=\"\">\n\t\t\t\t<input type=\"hidden\" name=\"current_post_id\" value=\"\">\n\t\t\t\t<input type=\"hidden\" name=\"happyforms_form_id\" value=\"536\" \/>\n\t\t\t\t<input type=\"hidden\" name=\"happyforms_step\" value=\"0\" \/>\n\t\n\t\t<div class=\"happyforms-flex\">\n\t\t\t\t<label for=\"536-number\" class=\"screen-reader-text\">Leave this field blank<\/label>\n\t<input type=\"text\" id=\"536-number\" name=\"536-number\" style=\"display: none;\" tabindex=\"-1\" autocomplete=\"off\" aria-hidden=\"true\">\n\t\t\t\t\t\t\t\t\t\t<div class=\"happyforms-form__part happyforms-part happyforms-part--single_line_text happyforms-part--width-half happyforms-part--label-show\" id=\"happyforms-536_single_line_text_1-part\" data-happyforms-type=\"single_line_text\" data-happyforms-id=\"single_line_text_1\" data-happyforms-required=\"\">\n\t<div class=\"happyforms-part-wrap\">\n\t\t\n\t\t\t\t\t\t<div class=\"happyforms-part__label-container\">\n\t\t\t\t<label for=\"happyforms-536_single_line_text_1\" class=\"happyforms-part__label\">\n\t\t\t<span class=\"label\">Full Name<\/span>\n\t\t\t\t\t\t\t\t\t\t<span class=\"happyforms-required\"><\/span>\n\t\t\t\t\t\t\t\t\t\t<span class=\"happyforms-optional\">(opcional)<\/span>\n\t\t\t\t\t<\/label>\n\t\t\t<\/div>\n\t\t\t\n\t\t\n\t\t<div class=\"happyforms-part__el\">\n\t\t\t\n\t\t\t\n\t\t\t<div class=\"happyforms-input\">\n\t\t\t\t\n\t\t\t\t<input id=\"happyforms-536_single_line_text_1\" type=\"text\" name=\"536_single_line_text_1\" value=\"\" placeholder=\"\" autocomplete=\"off\" spellcheck=\"false\"  autocorrect=\"off\" \/>\n\t\t\t\t\t\t\t<\/div>\n\n\t\t\t\n\t\t\t\n\t\t\t\t\t<\/div>\n\t<\/div>\n<\/div>\n<div class=\"happyforms-form__part happyforms-part happyforms-part--single_line_text happyforms-part--width-half happyforms-part--label-show\" id=\"happyforms-536_single_line_text_2-part\" data-happyforms-type=\"single_line_text\" data-happyforms-id=\"single_line_text_2\" data-happyforms-required=\"\">\n\t<div class=\"happyforms-part-wrap\">\n\t\t\n\t\t\t\t\t\t<div class=\"happyforms-part__label-container\">\n\t\t\t\t<label for=\"happyforms-536_single_line_text_2\" class=\"happyforms-part__label\">\n\t\t\t<span class=\"label\">Company<\/span>\n\t\t\t\t\t\t\t\t\t\t<span class=\"happyforms-required\"><\/span>\n\t\t\t\t\t\t\t\t\t\t<span class=\"happyforms-optional\">(opcional)<\/span>\n\t\t\t\t\t<\/label>\n\t\t\t<\/div>\n\t\t\t\n\t\t\n\t\t<div class=\"happyforms-part__el\">\n\t\t\t\n\t\t\t\n\t\t\t<div class=\"happyforms-input\">\n\t\t\t\t\n\t\t\t\t<input id=\"happyforms-536_single_line_text_2\" type=\"text\" name=\"536_single_line_text_2\" value=\"\" placeholder=\"\" autocomplete=\"off\" spellcheck=\"false\"  autocorrect=\"off\" \/>\n\t\t\t\t\t\t\t<\/div>\n\n\t\t\t\n\t\t\t\n\t\t\t\t\t<\/div>\n\t<\/div>\n<\/div>\n<div class=\"happyforms-part--with-autocomplete happyforms-form__part happyforms-part happyforms-part--email happyforms-part--width-half happyforms-part--label-show\" id=\"happyforms-536_email_3-part\" data-happyforms-type=\"email\" data-happyforms-id=\"email_3\" data-happyforms-required=\"\">\n\t\t<div class=\"happyforms-part-wrap\">\n\t\t\t\t\t\t<div class=\"happyforms-part__label-container\">\n\t\t\t\t<label for=\"happyforms-536_email_3\" class=\"happyforms-part__label\">\n\t\t\t<span class=\"label\">E-mail<\/span>\n\t\t\t\t\t\t\t\t\t\t<span class=\"happyforms-required\"><\/span>\n\t\t\t\t\t\t\t\t\t\t<span class=\"happyforms-optional\">(opcional)<\/span>\n\t\t\t\t\t<\/label>\n\t\t\t<\/div>\n\t\t\t\n\t\t\n\t\t<div class=\"happyforms-part__el\">\n\t\t\t\n\t\t\t\n\t\t\t<div class=\"happyforms-input\">\n\t\t\t\t<input type=\"email\" name=\"536_email_3\" id=\"happyforms-536_email_3\" value=\"\" placeholder=\"\" autocomplete=\"off\" spellcheck=\"false\"  autocorrect=\"off\" \/>\n\t\t\t\t\t\t\t<\/div>\n\n\t\t\t\n\t\t\t\n\t\t\t\t\t<\/div>\n\t<\/div>\n<\/div>\n<div class=\"happyforms-form__part happyforms-part happyforms-part--single_line_text happyforms-part--width-half happyforms-part--label-show\" id=\"happyforms-536_single_line_text_4-part\" data-happyforms-type=\"single_line_text\" data-happyforms-id=\"single_line_text_4\" data-happyforms-required=\"\">\n\t<div class=\"happyforms-part-wrap\">\n\t\t\n\t\t\t\t\t\t<div class=\"happyforms-part__label-container\">\n\t\t\t\t<label for=\"happyforms-536_single_line_text_4\" class=\"happyforms-part__label\">\n\t\t\t<span class=\"label\">Phone<\/span>\n\t\t\t\t\t\t\t\t\t\t<span class=\"happyforms-required\"><\/span>\n\t\t\t\t\t\t\t\t\t\t<span class=\"happyforms-optional\">(opcional)<\/span>\n\t\t\t\t\t<\/label>\n\t\t\t<\/div>\n\t\t\t\n\t\t\n\t\t<div class=\"happyforms-part__el\">\n\t\t\t\n\t\t\t\n\t\t\t<div class=\"happyforms-input\">\n\t\t\t\t\n\t\t\t\t<input id=\"happyforms-536_single_line_text_4\" type=\"text\" name=\"536_single_line_text_4\" value=\"\" placeholder=\"\" autocomplete=\"off\" spellcheck=\"false\"  autocorrect=\"off\" \/>\n\t\t\t\t\t\t\t<\/div>\n\n\t\t\t\n\t\t\t\n\t\t\t\t\t<\/div>\n\t<\/div>\n<\/div>\n<div class=\"happyforms-form__part happyforms-part happyforms-part--multi_line_text happyforms-part--width-full happyforms-part--label-show\" id=\"happyforms-536_multi_line_text_5-part\" data-happyforms-type=\"multi_line_text\" data-happyforms-id=\"multi_line_text_5\" data-happyforms-required=\"\">\n\t<div class=\"happyforms-part-wrap\">\n\t\t\t\t\t\t<div class=\"happyforms-part__label-container\">\n\t\t\t\t<label for=\"happyforms-536_multi_line_text_5\" class=\"happyforms-part__label\">\n\t\t\t<span class=\"label\">Message<\/span>\n\t\t\t\t\t\t\t\t\t\t<span class=\"happyforms-required\"><\/span>\n\t\t\t\t\t\t\t\t\t\t<span class=\"happyforms-optional\">(opcional)<\/span>\n\t\t\t\t\t<\/label>\n\t\t\t<\/div>\n\t\t\t\n\t\t\n\t\t<div class=\"happyforms-part__el\">\n\t\t\t\n\t\t\t\t\t\t<textarea id=\"happyforms-536_multi_line_text_5\" name=\"536_multi_line_text_5\" rows=\"5\" placeholder=\"\" autocomplete=\"off\" spellcheck=\"false\" autocorrect=\"off\" ><\/textarea>\n\t\t\t\n\t\t\t\n\t\t\t\t\t<\/div>\n\t<\/div>\n<\/div>\n\t\t\t\t\t\t<div class=\"happyforms-form__part happyforms-part happyforms-part--submit\">\n\t\t<button type=\"submit\" class=\"happyforms-submit happyforms-button--submit\">SUBMIT<\/button>\n\t<\/div>\t\t<\/div>\n\n\t\t\t<input type=\"hidden\" name=\"trp-form-language\" value=\"en\"\/><\/form>\n\n\t<\/div>\n\n<\/div>\n\n\n\n\n\t\t\t<\/div> \n\t\t<\/div>\n\t<\/div> \n<\/div><\/div>","protected":false},"excerpt":{"rendered":"Gestiona tu huella con datos confiables En esta demo ver\u00e1s c\u00f3mo centralizar datos dispersos, cargar informaci\u00f3n, analizar resultados y generar reportes auditables, todo en menos de 10 minutos. Empresas que...","protected":false},"author":1,"featured_media":0,"parent":0,"menu_order":0,"comment_status":"closed","ping_status":"closed","template":"","meta":{"footnotes":""},"class_list":["post-494","page","type-page","status-publish"],"_links":{"self":[{"href":"https:\/\/leaf-si.com\/en\/wp-json\/wp\/v2\/pages\/494","targetHints":{"allow":["GET"]}}],"collection":[{"href":"https:\/\/leaf-si.com\/en\/wp-json\/wp\/v2\/pages"}],"about":[{"href":"https:\/\/leaf-si.com\/en\/wp-json\/wp\/v2\/types\/page"}],"author":[{"embeddable":true,"href":"https:\/\/leaf-si.com\/en\/wp-json\/wp\/v2\/users\/1"}],"replies":[{"embeddable":true,"href":"https:\/\/leaf-si.com\/en\/wp-json\/wp\/v2\/comments?post=494"}],"version-history":[{"count":58,"href":"https:\/\/leaf-si.com\/en\/wp-json\/wp\/v2\/pages\/494\/revisions"}],"predecessor-version":[{"id":1224,"href":"https:\/\/leaf-si.com\/en\/wp-json\/wp\/v2\/pages\/494\/revisions\/1224"}],"wp:attachment":[{"href":"https:\/\/leaf-si.com\/en\/wp-json\/wp\/v2\/media?parent=494"}],"curies":[{"name":"wp","href":"https:\/\/api.w.org\/{rel}","templated":true}]}}